



{"id":221,"date":"2012-05-08T11:33:05","date_gmt":"2012-05-08T11:33:05","guid":{"rendered":"http:\/\/colchonesblog.wordpress.com\/?page_id=2"},"modified":"2015-04-29T15:22:26","modified_gmt":"2015-04-29T14:22:26","slug":"sobre-colchonesblog","status":"publish","type":"page","link":"https:\/\/www.colchones.es\/informacion\/sobre-colchonesblog\/","title":{"rendered":"Con\u00f3cenos"},"content":{"rendered":"<p style=\"text-align: justify;\">\u00a1Hola!,\u00a0\u00e9ste es el\u00a0<strong>blog oficial de Colchones.es<\/strong><\/p>\n<p style=\"text-align: justify;\">Somos una <strong>empresa dedicada a la venta de colchones, equipos y complementos del descanso, <\/strong>que cuenta con<strong> 1 tienda online y 135 puntos de venta <\/strong>\u00abamigos\u00bb en donde podr\u00e1s<strong> comprar <\/strong>todos los productos Colchones.es<strong> y probar <\/strong>algunos de ellos -\u00a1en todas las tiendas no cabe todo! jajaja!-.<\/p>\n<p style=\"text-align: justify;\">Nuestro af\u00e1n por\u00a0dar soluciones a las nuevas necesidades de los clientes, de estar cerca de ellos&#8230; nos animan a abrir tiendas en internet, online o eccomerce -como prefiera llam\u00e1rseles- de muebles, sof\u00e1s y colchones.\u00a0<strong>Nuestro ecommerce de colchones se llama <a href=\"https:\/\/www.colchones.es\" target=\"_blank\">www.colchones.es<\/a><\/strong>, aqu\u00ed abajo puedes ver un pantallazo de la p\u00e1gina de inicio:<\/p>\n<p><a href=\"https:\/\/www.colchones.es\/informacion\/wp-content\/uploads\/2012\/05\/colchones.es_.jpg\"><img loading=\"lazy\" decoding=\"async\" class=\"aligncenter wp-image-7921 size-full\" src=\"https:\/\/www.colchones.es\/informacion\/wp-content\/uploads\/2012\/05\/colchones.es_.jpg\" alt=\"\" width=\"538\" height=\"450\" srcset=\"https:\/\/www.colchones.es\/informacion\/wp-content\/uploads\/2012\/05\/colchones.es_.jpg 538w, https:\/\/www.colchones.es\/informacion\/wp-content\/uploads\/2012\/05\/colchones.es_-300x251.jpg 300w, https:\/\/www.colchones.es\/informacion\/wp-content\/uploads\/2012\/05\/colchones.es_-359x300.jpg 359w\" sizes=\"auto, (max-width: 538px) 100vw, 538px\" \/><\/a><\/p>\n<p style=\"text-align: justify;\">Colchonesblog.es pertenece a Colchones.es, que a su vez <strong>es una empresa del Grupo Ventura Muebles<\/strong>, que naci\u00f3 all\u00e1 por los a\u00f1os 60 en Alicante, y en el sector del mueble es sin\u00f3nimo de <strong>precios competitivos, buena atenci\u00f3n al cliente y cumplidores de nuestros compromisos.<\/strong> (La foto de abajo es de nuestros inicios&#8230; nuestro \u00abpresi\u00bb a la izquierda, entregando un ramo de flores a unos reci\u00e9n casados a la salida de la iglesia, \u00a1la publicidad original siempre ha sido importante!).<\/p>\n<p style=\"text-align: justify;\"><a href=\"https:\/\/www.colchones.es\/informacion\/wp-content\/uploads\/2012\/05\/d-ventura-e1430312622791.jpg\"><img loading=\"lazy\" decoding=\"async\" class=\"aligncenter size-full wp-image-7918\" src=\"https:\/\/www.colchones.es\/informacion\/wp-content\/uploads\/2012\/05\/d-ventura-e1430312622791.jpg\" alt=\"Grupo Ventura 1968\" width=\"538\" height=\"346\" \/><\/a><\/p>\n<p style=\"text-align: justify;\"><strong>Hemos puesto en marcha este blog<\/strong>, para <strong>ayudar a todos aquellos que puedan tener dudas<\/strong> a la hora de escoger un colch\u00f3n, somier, base tapizada, canap\u00e9 u otros complementos, las marcas, los distintos materiales, c\u00f3mo limpiarlos&#8230; y algunas sugerencias que vamos descubriendo y queremos compartir, como tendencias en decoraci\u00f3n o consejos para nuestra salud.<\/p>\n<p style=\"text-align: justify;\"><a href=\"https:\/\/www.colchones.es\/informacion\/wp-content\/uploads\/2012\/05\/tiendas-f\u00edsicas-colchones.jpg\"><img loading=\"lazy\" decoding=\"async\" class=\"aligncenter wp-image-7927 size-full\" src=\"https:\/\/www.colchones.es\/informacion\/wp-content\/uploads\/2012\/05\/tiendas-f\u00edsicas-colchones.jpg\" alt=\"\" width=\"538\" height=\"300\" srcset=\"https:\/\/www.colchones.es\/informacion\/wp-content\/uploads\/2012\/05\/tiendas-f\u00edsicas-colchones.jpg 538w, https:\/\/www.colchones.es\/informacion\/wp-content\/uploads\/2012\/05\/tiendas-f\u00edsicas-colchones-300x167.jpg 300w, https:\/\/www.colchones.es\/informacion\/wp-content\/uploads\/2012\/05\/tiendas-f\u00edsicas-colchones-500x279.jpg 500w\" sizes=\"auto, (max-width: 538px) 100vw, 538px\" \/><\/a><\/p>\n<p style=\"text-align: justify;\"><strong>Los post los vamos preparando los distintos miembros del equipo<\/strong> seg\u00fan las dudas que nos hacen nuestros clientes o los conocimientos que vamos adquiriendo sobre este fant\u00e1stico mundo que es el descanso. Aprovechamos para agradecer ahora el trabajo de <strong>nuestros redactores actuales<\/strong>: Inma Molt\u00f3, Carolina Garc\u00eda y Samuel Juli\u00e1, y el de los que ya no colaboran; y gracias tambi\u00e9n a las <strong>personas de atenci\u00f3n al cliente y producto<\/strong>, que tanto nos ense\u00f1an: Esther Garc\u00eda, Maria Jos\u00e9 Sell\u00e9s, Mayte Bernal y Ester Rivas.<\/p>\n<p style=\"text-align: justify;\">Y como todo blog, esto es una red social a fin de cuentas, una plataforma que invita al di\u00e1logo, por lo que <strong>si quieres proponernos temas porque tienes dudas o curiosidad sobre algo o quieres participar con un art\u00edculo te invitamos a dejarnos un comentario<\/strong> :)<\/p>\n<p style=\"text-align: justify;\">Gracias por leernos, \u00a1un placer y bienvenidos!<\/p>\n","protected":false},"excerpt":{"rendered":"<p>\u00a1Hola!,\u00a0\u00e9ste es el\u00a0blog oficial de Colchones.es Somos una empresa dedicada a la venta de colchones, equipos y complementos del descanso, que cuenta con 1 tienda online y 135 puntos de venta \u00abamigos\u00bb en donde podr\u00e1s comprar todos los productos Colchones.es &hellip; <a href=\"https:\/\/www.colchones.es\/informacion\/sobre-colchonesblog\/\">Sigue leyendo <span class=\"meta-nav\">&rarr;<\/span><\/a><\/p>\n","protected":false},"author":66,"featured_media":0,"parent":0,"menu_order":0,"comment_status":"open","ping_status":"closed","template":"sidebar-page.php","meta":{"_bbp_topic_count":0,"_bbp_reply_count":0,"_bbp_total_topic_count":0,"_bbp_total_reply_count":0,"_bbp_voice_count":0,"_bbp_anonymous_reply_count":0,"_bbp_topic_count_hidden":0,"_bbp_reply_count_hidden":0,"_bbp_forum_subforum_count":0,"footnotes":""},"class_list":["post-221","page","type-page","status-publish","hentry"],"yoast_head":"<!-- This site is optimized with the Yoast SEO plugin v26.7 - https:\/\/yoast.com\/wordpress\/plugins\/seo\/ -->\n<title>Conoce a las personas que hacen el blog de Colchones.es<\/title>\n<meta name=\"description\" content=\"Este es el blog de Colchones.es, tienda online especializada en descanso. Encontrar\u00e1s consejos para elegir y cuidar tus productos, salud y decoraci\u00f3n.\" \/>\n<meta name=\"robots\" content=\"index, follow, max-snippet:-1, max-image-preview:large, max-video-preview:-1\" \/>\n<link rel=\"canonical\" href=\"https:\/\/www.colchones.es\/informacion\/sobre-colchonesblog\/\" \/>\n<meta name=\"twitter:card\" content=\"summary_large_image\" \/>\n<meta name=\"twitter:title\" content=\"Conoce a las personas que hacen el blog de Colchones.es\" \/>\n<meta name=\"twitter:description\" content=\"Este es el blog de Colchones.es, tienda online especializada en descanso. Encontrar\u00e1s consejos para elegir y cuidar tus productos, salud y decoraci\u00f3n.\" \/>\n<meta name=\"twitter:image\" content=\"https:\/\/www.colchones.es\/informacion\/wp-content\/uploads\/2012\/05\/colchones.es_.jpg\" \/>\n<meta name=\"twitter:site\" content=\"@colchonesEs\" \/>\n<meta name=\"twitter:label1\" content=\"Tiempo de lectura\" \/>\n\t<meta name=\"twitter:data1\" content=\"2 minutos\" \/>\n<script type=\"application\/ld+json\" class=\"yoast-schema-graph\">{\"@context\":\"https:\/\/schema.org\",\"@graph\":[{\"@type\":\"WebPage\",\"@id\":\"https:\/\/www.colchones.es\/informacion\/sobre-colchonesblog\/\",\"url\":\"https:\/\/www.colchones.es\/informacion\/sobre-colchonesblog\/\",\"name\":\"Conoce a las personas que hacen el blog de Colchones.es\",\"isPartOf\":{\"@id\":\"https:\/\/www.colchones.es\/informacion\/#website\"},\"primaryImageOfPage\":{\"@id\":\"https:\/\/www.colchones.es\/informacion\/sobre-colchonesblog\/#primaryimage\"},\"image\":{\"@id\":\"https:\/\/www.colchones.es\/informacion\/sobre-colchonesblog\/#primaryimage\"},\"thumbnailUrl\":\"https:\/\/www.colchones.es\/informacion\/wp-content\/uploads\/2012\/05\/colchones.es_.jpg\",\"datePublished\":\"2012-05-08T11:33:05+00:00\",\"dateModified\":\"2015-04-29T14:22:26+00:00\",\"description\":\"Este es el blog de Colchones.es, tienda online especializada en descanso. Encontrar\u00e1s consejos para elegir y cuidar tus productos, salud y decoraci\u00f3n.\",\"breadcrumb\":{\"@id\":\"https:\/\/www.colchones.es\/informacion\/sobre-colchonesblog\/#breadcrumb\"},\"inLanguage\":\"es\",\"potentialAction\":[{\"@type\":\"ReadAction\",\"target\":[\"https:\/\/www.colchones.es\/informacion\/sobre-colchonesblog\/\"]}]},{\"@type\":\"ImageObject\",\"inLanguage\":\"es\",\"@id\":\"https:\/\/www.colchones.es\/informacion\/sobre-colchonesblog\/#primaryimage\",\"url\":\"https:\/\/www.colchones.es\/informacion\/wp-content\/uploads\/2012\/05\/colchones.es_.jpg\",\"contentUrl\":\"https:\/\/www.colchones.es\/informacion\/wp-content\/uploads\/2012\/05\/colchones.es_.jpg\",\"width\":538,\"height\":450},{\"@type\":\"BreadcrumbList\",\"@id\":\"https:\/\/www.colchones.es\/informacion\/sobre-colchonesblog\/#breadcrumb\",\"itemListElement\":[{\"@type\":\"ListItem\",\"position\":1,\"name\":\"Blog\",\"item\":\"https:\/\/www.colchones.es\/informacion\/\"},{\"@type\":\"ListItem\",\"position\":2,\"name\":\"Con\u00f3cenos\"}]},{\"@type\":\"WebSite\",\"@id\":\"https:\/\/www.colchones.es\/informacion\/#website\",\"url\":\"https:\/\/www.colchones.es\/informacion\/\",\"name\":\"\",\"description\":\"\",\"publisher\":{\"@id\":\"https:\/\/www.colchones.es\/informacion\/#organization\"},\"potentialAction\":[{\"@type\":\"SearchAction\",\"target\":{\"@type\":\"EntryPoint\",\"urlTemplate\":\"https:\/\/www.colchones.es\/informacion\/?s={search_term_string}\"},\"query-input\":{\"@type\":\"PropertyValueSpecification\",\"valueRequired\":true,\"valueName\":\"search_term_string\"}}],\"inLanguage\":\"es\"},{\"@type\":\"Organization\",\"@id\":\"https:\/\/www.colchones.es\/informacion\/#organization\",\"name\":\"Colchones.es\",\"url\":\"https:\/\/www.colchones.es\/informacion\/\",\"logo\":{\"@type\":\"ImageObject\",\"inLanguage\":\"es\",\"@id\":\"https:\/\/www.colchones.es\/informacion\/#\/schema\/logo\/image\/\",\"url\":\"https:\/\/www.colchones.es\/informacion\/wp-content\/uploads\/2015\/10\/logo-web-colchonesES.jpg\",\"contentUrl\":\"https:\/\/www.colchones.es\/informacion\/wp-content\/uploads\/2015\/10\/logo-web-colchonesES.jpg\",\"width\":200,\"height\":56,\"caption\":\"Colchones.es\"},\"image\":{\"@id\":\"https:\/\/www.colchones.es\/informacion\/#\/schema\/logo\/image\/\"},\"sameAs\":[\"http:\/\/www.facebook.com\/colchones.ES\",\"https:\/\/x.com\/colchonesEs\",\"https:\/\/www.linkedin.com\/company\/colchones-es\",\"https:\/\/es.pinterest.com\/colchoneses\/\",\"https:\/\/www.youtube.com\/user\/ColchonespuntoES\"]}]}<\/script>\n<!-- \/ Yoast SEO plugin. -->","yoast_head_json":{"title":"Conoce a las personas que hacen el blog de Colchones.es","description":"Este es el blog de Colchones.es, tienda online especializada en descanso. Encontrar\u00e1s consejos para elegir y cuidar tus productos, salud y decoraci\u00f3n.","robots":{"index":"index","follow":"follow","max-snippet":"max-snippet:-1","max-image-preview":"max-image-preview:large","max-video-preview":"max-video-preview:-1"},"canonical":"https:\/\/www.colchones.es\/informacion\/sobre-colchonesblog\/","twitter_card":"summary_large_image","twitter_title":"Conoce a las personas que hacen el blog de Colchones.es","twitter_description":"Este es el blog de Colchones.es, tienda online especializada en descanso. Encontrar\u00e1s consejos para elegir y cuidar tus productos, salud y decoraci\u00f3n.","twitter_image":"https:\/\/www.colchones.es\/informacion\/wp-content\/uploads\/2012\/05\/colchones.es_.jpg","twitter_site":"@colchonesEs","twitter_misc":{"Tiempo de lectura":"2 minutos"},"schema":{"@context":"https:\/\/schema.org","@graph":[{"@type":"WebPage","@id":"https:\/\/www.colchones.es\/informacion\/sobre-colchonesblog\/","url":"https:\/\/www.colchones.es\/informacion\/sobre-colchonesblog\/","name":"Conoce a las personas que hacen el blog de Colchones.es","isPartOf":{"@id":"https:\/\/www.colchones.es\/informacion\/#website"},"primaryImageOfPage":{"@id":"https:\/\/www.colchones.es\/informacion\/sobre-colchonesblog\/#primaryimage"},"image":{"@id":"https:\/\/www.colchones.es\/informacion\/sobre-colchonesblog\/#primaryimage"},"thumbnailUrl":"https:\/\/www.colchones.es\/informacion\/wp-content\/uploads\/2012\/05\/colchones.es_.jpg","datePublished":"2012-05-08T11:33:05+00:00","dateModified":"2015-04-29T14:22:26+00:00","description":"Este es el blog de Colchones.es, tienda online especializada en descanso. Encontrar\u00e1s consejos para elegir y cuidar tus productos, salud y decoraci\u00f3n.","breadcrumb":{"@id":"https:\/\/www.colchones.es\/informacion\/sobre-colchonesblog\/#breadcrumb"},"inLanguage":"es","potentialAction":[{"@type":"ReadAction","target":["https:\/\/www.colchones.es\/informacion\/sobre-colchonesblog\/"]}]},{"@type":"ImageObject","inLanguage":"es","@id":"https:\/\/www.colchones.es\/informacion\/sobre-colchonesblog\/#primaryimage","url":"https:\/\/www.colchones.es\/informacion\/wp-content\/uploads\/2012\/05\/colchones.es_.jpg","contentUrl":"https:\/\/www.colchones.es\/informacion\/wp-content\/uploads\/2012\/05\/colchones.es_.jpg","width":538,"height":450},{"@type":"BreadcrumbList","@id":"https:\/\/www.colchones.es\/informacion\/sobre-colchonesblog\/#breadcrumb","itemListElement":[{"@type":"ListItem","position":1,"name":"Blog","item":"https:\/\/www.colchones.es\/informacion\/"},{"@type":"ListItem","position":2,"name":"Con\u00f3cenos"}]},{"@type":"WebSite","@id":"https:\/\/www.colchones.es\/informacion\/#website","url":"https:\/\/www.colchones.es\/informacion\/","name":"","description":"","publisher":{"@id":"https:\/\/www.colchones.es\/informacion\/#organization"},"potentialAction":[{"@type":"SearchAction","target":{"@type":"EntryPoint","urlTemplate":"https:\/\/www.colchones.es\/informacion\/?s={search_term_string}"},"query-input":{"@type":"PropertyValueSpecification","valueRequired":true,"valueName":"search_term_string"}}],"inLanguage":"es"},{"@type":"Organization","@id":"https:\/\/www.colchones.es\/informacion\/#organization","name":"Colchones.es","url":"https:\/\/www.colchones.es\/informacion\/","logo":{"@type":"ImageObject","inLanguage":"es","@id":"https:\/\/www.colchones.es\/informacion\/#\/schema\/logo\/image\/","url":"https:\/\/www.colchones.es\/informacion\/wp-content\/uploads\/2015\/10\/logo-web-colchonesES.jpg","contentUrl":"https:\/\/www.colchones.es\/informacion\/wp-content\/uploads\/2015\/10\/logo-web-colchonesES.jpg","width":200,"height":56,"caption":"Colchones.es"},"image":{"@id":"https:\/\/www.colchones.es\/informacion\/#\/schema\/logo\/image\/"},"sameAs":["http:\/\/www.facebook.com\/colchones.ES","https:\/\/x.com\/colchonesEs","https:\/\/www.linkedin.com\/company\/colchones-es","https:\/\/es.pinterest.com\/colchoneses\/","https:\/\/www.youtube.com\/user\/ColchonespuntoES"]}]}},"_links":{"self":[{"href":"https:\/\/www.colchones.es\/informacion\/wp-json\/wp\/v2\/pages\/221","targetHints":{"allow":["GET"]}}],"collection":[{"href":"https:\/\/www.colchones.es\/informacion\/wp-json\/wp\/v2\/pages"}],"about":[{"href":"https:\/\/www.colchones.es\/informacion\/wp-json\/wp\/v2\/types\/page"}],"author":[{"embeddable":true,"href":"https:\/\/www.colchones.es\/informacion\/wp-json\/wp\/v2\/users\/66"}],"replies":[{"embeddable":true,"href":"https:\/\/www.colchones.es\/informacion\/wp-json\/wp\/v2\/comments?post=221"}],"version-history":[{"count":0,"href":"https:\/\/www.colchones.es\/informacion\/wp-json\/wp\/v2\/pages\/221\/revisions"}],"wp:attachment":[{"href":"https:\/\/www.colchones.es\/informacion\/wp-json\/wp\/v2\/media?parent=221"}],"curies":[{"name":"wp","href":"https:\/\/api.w.org\/{rel}","templated":true}]}}